{"id":697,"date":"2022-09-23T13:37:32","date_gmt":"2022-09-23T13:37:32","guid":{"rendered":"http:\/\/www.moconavirginlodge.com\/pt-BR\/?page_id=697"},"modified":"2022-10-06T21:00:51","modified_gmt":"2022-10-06T21:00:51","slug":"termos-e-condicoes","status":"publish","type":"page","link":"https:\/\/www.moconavirginlodge.com\/pt-BR\/termos-e-condicoes\/","title":{"rendered":"Termos e condi\u00e7\u00f5es"},"content":{"rendered":"\t\t<div data-elementor-type=\"wp-page\" data-elementor-id=\"697\" class=\"elementor elementor-697\">\n\t\t\t\t\t\t\t\t\t<section class=\"elementor-section elementor-top-section elementor-element elementor-element-bcb2d79 elementor-section-boxed elementor-section-height-default elementor-section-height-default\" data-id=\"bcb2d79\" data-element_type=\"section\">\n\t\t\t\t\t\t<div class=\"elementor-container elementor-column-gap-default\">\n\t\t\t\t\t<div class=\"elementor-column elementor-col-100 elementor-top-column elementor-element elementor-element-f8dd887\" data-id=\"f8dd887\" data-element_type=\"column\" data-settings=\"{&quot;background_background&quot;:&quot;classic&quot;}\">\n\t\t\t<div class=\"elementor-widget-wrap elementor-element-populated\">\n\t\t\t\t\t\t\t\t<div class=\"elementor-element elementor-element-1b3b83e elementor-widget elementor-widget-heading\" data-id=\"1b3b83e\" data-element_type=\"widget\" data-widget_type=\"heading.default\">\n\t\t\t\t<div class=\"elementor-widget-container\">\n\t\t\t<style>\/*! elementor - v3.7.7 - 20-09-2022 *\/\n.elementor-heading-title{padding:0;margin:0;line-height:1}.elementor-widget-heading .elementor-heading-title[class*=elementor-size-]>a{color:inherit;font-size:inherit;line-height:inherit}.elementor-widget-heading .elementor-heading-title.elementor-size-small{font-size:15px}.elementor-widget-heading .elementor-heading-title.elementor-size-medium{font-size:19px}.elementor-widget-heading .elementor-heading-title.elementor-size-large{font-size:29px}.elementor-widget-heading .elementor-heading-title.elementor-size-xl{font-size:39px}.elementor-widget-heading .elementor-heading-title.elementor-size-xxl{font-size:59px}<\/style><h2 class=\"elementor-heading-title elementor-size-default\">POL\u00cdTICAS DE PRIVACIDADE E PROCESSAMENTO DE DADOS PESSOAIS <\/h2>\t\t<\/div>\n\t\t\t\t<\/div>\n\t\t\t\t<div class=\"elementor-element elementor-element-bb83c9b elementor-widget elementor-widget-text-editor\" data-id=\"bb83c9b\" data-element_type=\"widget\" data-widget_type=\"text-editor.default\">\n\t\t\t\t<div class=\"elementor-widget-container\">\n\t\t\t<style>\/*! elementor - v3.7.7 - 20-09-2022 *\/\n.elementor-widget-text-editor.elementor-drop-cap-view-stacked .elementor-drop-cap{background-color:#818a91;color:#fff}.elementor-widget-text-editor.elementor-drop-cap-view-framed .elementor-drop-cap{color:#818a91;border:3px solid;background-color:transparent}.elementor-widget-text-editor:not(.elementor-drop-cap-view-default) .elementor-drop-cap{margin-top:8px}.elementor-widget-text-editor:not(.elementor-drop-cap-view-default) .elementor-drop-cap-letter{width:1em;height:1em}.elementor-widget-text-editor .elementor-drop-cap{float:left;text-align:center;line-height:1;font-size:50px}.elementor-widget-text-editor .elementor-drop-cap-letter{display:inline-block}<\/style>\t\t\t\t<p><span style=\"font-weight: 400;\">Mocona Virgin Lodge forneceremos estrita confidencialidade, seguran\u00e7a e prote\u00e7\u00e3o \u00e0s informa\u00e7\u00f5es que voc\u00ea nos fornecer e cumpriremos todas as disposi\u00e7\u00f5es das leis aplic\u00e1veis, principalmente com as disposi\u00e7\u00f5es da Lei de Prote\u00e7\u00e3o de Dados Pessoais N\u00ba 25.326 e seus regulamentos, especialmente com os contidos no art. 25 do mesmo, art. 9\u00ba, quanto \u00e0s medidas de seguran\u00e7a e art. 10 referiam-se \u00e0 confidencialidade dos dados. Colocamos \u00e0 sua disposi\u00e7\u00e3o o seguinte e-mail: reservas@moconavirginlodge.com, onde o ajudar\u00e3o a gerir quaisquer preocupa\u00e7\u00f5es relacionadas com o tratamento de dados e informa\u00e7\u00f5es de terceiros.<\/span><\/p>\n<p><span style=\"font-weight: 400;\">Esta Pol\u00edtica de Privacidade baseia-se em:\u00a0\u00a0<\/span><\/p>\t\t\t\t\t\t<\/div>\n\t\t\t\t<\/div>\n\t\t\t\t<div class=\"elementor-element elementor-element-d5c541a elementor-widget elementor-widget-text-editor\" data-id=\"d5c541a\" data-element_type=\"widget\" data-widget_type=\"text-editor.default\">\n\t\t\t\t<div class=\"elementor-widget-container\">\n\t\t\t\t\t\t\t<p><span style=\"font-weight: 400;\">&#8211; A base de dados pessoais que compomos n\u00e3o ter\u00e1 finalidades contr\u00e1rias \u00e0 lei ou \u00e0 moral p\u00fablica. Usamos seus dados ou informa\u00e7\u00f5es exclusivamente para estabelecer um banco de dados que nos permite enviar informa\u00e7\u00f5es relacionadas \u00e0 nossa atividade comercial e empresarial.\u00a0<\/span><\/p>\n<p><span style=\"font-weight: 400;\">&#8211; Na recolha de dados pessoais tomaremos o maior cuidado para que sejam verdadeiros, adequados, pertinentes e n\u00e3o excessivos em rela\u00e7\u00e3o ao \u00e2mbito e finalidade para a qual os obtemos.\u00a0\u00a0<\/span><\/p>\n<p><span style=\"font-weight: 400;\">-Recolhemos dados apenas por meios justos, claros, transparentes e de acordo com as disposi\u00e7\u00f5es legais.\u00a0\u00a0<\/span><\/p>\n<p><span style=\"font-weight: 400;\">-Os dados que coletamos, usaremos apenas para os fins indicados nesta pol\u00edtica de privacidade, desde que sejam as causas que motivaram sua obten\u00e7\u00e3o em primeiro lugar.\u00a0\u00a0<\/span><\/p>\n<p><span style=\"font-weight: 400;\">&#8211; Tentamos garantir que as informa\u00e7\u00f5es que voc\u00ea nos fornece sejam sempre precisas e atualizadas. Para isso, convidamos voc\u00ea a proceder \u00e0 sua modifica\u00e7\u00e3o ou exclus\u00e3o, sempre que necess\u00e1rio.\u00a0<\/span><\/p>\n<p><span style=\"font-weight: 400;\">&#8211; Armazenamos os dados pessoais de forma que voc\u00ea possa acess\u00e1-los, no exerc\u00edcio dos direitos concedidos pelas leis de sua jurisdi\u00e7\u00e3o ou por esta pol\u00edtica.\u00a0\u00a0<\/span><\/p>\n<p><span style=\"font-weight: 400;\">&#8211; Prometemos que o nosso pessoal tratar\u00e1 os dados pessoais num quadro de estrita confidencialidade, assim como os nossos fornecedores, tanto durante a vig\u00eancia do contrato entre n\u00f3s e si, como uma vez terminado, sem limite de tempo. Apenas divulgaremos os seus dados pessoais, nos casos permitidos e nas condi\u00e7\u00f5es legais estabelecidas por lei.<\/span><\/p>\t\t\t\t\t\t<\/div>\n\t\t\t\t<\/div>\n\t\t\t\t<div class=\"elementor-element elementor-element-d87b41f elementor-widget elementor-widget-text-editor\" data-id=\"d87b41f\" data-element_type=\"widget\" data-widget_type=\"text-editor.default\">\n\t\t\t\t<div class=\"elementor-widget-container\">\n\t\t\t\t\t\t\t<p><span style=\"font-weight: 400;\">Ao aceitar os termos e condi\u00e7\u00f5es, voc\u00ea nos autoriza expressamente a coletar, processar, armazenar, compartilhar e\/ou tratar seus dados pessoais que voc\u00ea nos fornecer, de acordo com o disposto nesta pol\u00edtica de privacidade e na Lei de Prote\u00e7\u00e3o de Dados Pessoais N\u00ba 25.326 e disposi\u00e7\u00f5es regulamentares. Se voc\u00ea n\u00e3o quiser nos fornecer dados ou que os usemos em qualquer uma das formas permitidas por esta pol\u00edtica de privacidade, voc\u00ea deve abster-se de fazer uma reserva.<\/span><\/p>\n<p><span style=\"font-weight: 400;\">Voc\u00ea pode exercer seus direitos de acesso, informa\u00e7\u00e3o, retifica\u00e7\u00e3o, atualiza\u00e7\u00e3o e exclus\u00e3o de seus dados pessoais, de acordo com o disposto nesta pol\u00edtica de privacidade e de acordo com a Lei de Prote\u00e7\u00e3o de Dados Pessoais N\u00ba 25.326 e regulamentos.<\/span><\/p>\n<p><span style=\"font-weight: 400;\">Voc\u00ea tem o direito de, a qualquer momento, solicitar uma c\u00f3pia das informa\u00e7\u00f5es sobre voc\u00ea que est\u00e3o em nossa posse. Para solicitar uma c\u00f3pia de todos ou alguns dos seus dados pessoais, dever\u00e1 escrever para o endere\u00e7o <\/span><a href=\"mailto:reservas@moconavirginlodge.com\"><span style=\"font-weight: 400;\">reservas@moconavirginlodge.com<\/span><\/a><span style=\"font-weight: 400;\">. Reservamo-nos o direito de cobrar uma taxa por esta opera\u00e7\u00e3o.<\/span><\/p>\n<p><span style=\"font-weight: 400;\">Voc\u00ea tem o direito de solicitar que seus dados pessoais n\u00e3o sejam usados \u200b\u200bpara fins de promo\u00e7\u00e3o de publicidade. Para alterar suas prefer\u00eancias de publicidade ou cancelar a inscri\u00e7\u00e3o, voc\u00ea deve enviar uma mensagem para reservas@moconavirginlodge.com. Essas a\u00e7\u00f5es promocionais atendem \u00e0 Lei de Prote\u00e7\u00e3o de Dados Pessoais N\u00ba 25.326, artigo 27, que estabelece: &#8220;O titular poder\u00e1, a qualquer momento, solicitar a retirada ou bloqueio de seu nome dos bancos de dados referidos neste artigo&#8221; e o Decreto 1558\/01 , art. a retirada ou bloqueio, total ou parcial, de seu nome do banco de dados. A pedido do interessado, deve ser informado o nome do respons\u00e1vel ou usu\u00e1rio do banco de dados que forneceu as informa\u00e7\u00f5es&#8221;.\u00a0\u00a0<\/span><\/p>\n<p><span style=\"font-weight: 400;\">Esta pol\u00edtica de privacidade \u00e9 regida pela legisla\u00e7\u00e3o da Rep\u00fablica Argentina, de acordo com a qual deve ser interpretada. Qualquer controv\u00e9rsia que surja em rela\u00e7\u00e3o a esta pol\u00edtica de privacidade \u00e9 submetida \u00e0 jurisdi\u00e7\u00e3o exclusiva dos tribunais da Cidade de Posada, Rep\u00fablica Argentina.\u00a0\u00a0<\/span><\/p>\n<p><span style=\"font-weight: 400;\">Esta pol\u00edtica de privacidade pode ser modificada de tempos em tempos para incluir melhorias ou quaisquer outras altera\u00e7\u00f5es na atividade.<\/span><\/p>\t\t\t\t\t\t<\/div>\n\t\t\t\t<\/div>\n\t\t\t\t<div class=\"elementor-element elementor-element-174be3c elementor-align-right elementor-widget__width-auto elementor-fixed elementor-widget elementor-widget-button\" data-id=\"174be3c\" data-element_type=\"widget\" data-settings=\"{&quot;_position&quot;:&quot;fixed&quot;}\" data-widget_type=\"button.default\">\n\t\t\t\t<div class=\"elementor-widget-container\">\n\t\t\t\t\t<div class=\"elementor-button-wrapper\">\n\t\t\t<a href=\"https:\/\/booking.roomcloud.net\/be\/se2\/hotel.jsp?hotel=14703&#038;curr=BRL&#038;lang=pt\" class=\"elementor-button-link elementor-button elementor-size-sm\" role=\"button\">\n\t\t\t\t\t\t<span class=\"elementor-button-content-wrapper\">\n\t\t\t\t\t\t\t<span class=\"elementor-button-icon elementor-align-icon-left\">\n\t\t\t\t<i aria-hidden=\"true\" class=\"far fa-calendar\"><\/i>\t\t\t<\/span>\n\t\t\t\t\t\t<span class=\"elementor-button-text\">Reservar<\/span>\n\t\t<\/span>\n\t\t\t\t\t<\/a>\n\t\t<\/div>\n\t\t\t\t<\/div>\n\t\t\t\t<\/div>\n\t\t\t\t<div class=\"elementor-element elementor-element-167d9a3 elementor-widget__width-auto elementor-fixed elementor-view-default elementor-widget elementor-widget-icon\" data-id=\"167d9a3\" data-element_type=\"widget\" data-settings=\"{&quot;_position&quot;:&quot;fixed&quot;}\" data-widget_type=\"icon.default\">\n\t\t\t\t<div class=\"elementor-widget-container\">\n\t\t\t\t\t<div class=\"elementor-icon-wrapper\">\n\t\t\t<a class=\"elementor-icon\" href=\"https:\/\/wa.me\/message\/OG4YLEWVS65EF1\">\n\t\t\t<i aria-hidden=\"true\" class=\"fab fa-whatsapp-square\"><\/i>\t\t\t<\/a>\n\t\t<\/div>\n\t\t\t\t<\/div>\n\t\t\t\t<\/div>\n\t\t\t\t\t<\/div>\n\t\t<\/div>\n\t\t\t\t\t\t\t<\/div>\n\t\t<\/section>\n\t\t\t\t\t\t\t<\/div>\n\t\t","protected":false},"excerpt":{"rendered":"<p>POL\u00cdTICAS DE PRIVACIDADE E PROCESSAMENTO DE DADOS PESSOAIS Mocona Virgin Lodge forneceremos estrita confidencialidade, seguran\u00e7a e prote\u00e7\u00e3o \u00e0s informa\u00e7\u00f5es que voc\u00ea nos fornecer e cumpriremos todas as disposi\u00e7\u00f5es das leis aplic\u00e1veis, principalmente com as disposi\u00e7\u00f5es da Lei de Prote\u00e7\u00e3o de Dados Pessoais N\u00ba 25.326 e seus regulamentos, especialmente com os contidos no art. 25 do &hellip;<\/p>\n<p class=\"read-more\"> <a class=\"\" href=\"https:\/\/www.moconavirginlodge.com\/pt-BR\/termos-e-condicoes\/\"> <span class=\"screen-reader-text\">Termos e condi\u00e7\u00f5es<\/span> Read More &raquo;<\/a><\/p>\n","protected":false},"author":1,"featured_media":0,"parent":0,"menu_order":0,"comment_status":"closed","ping_status":"closed","template":"","meta":{"site-sidebar-layout":"no-sidebar","site-content-layout":"page-builder","ast-global-header-display":"","ast-main-header-display":"","ast-hfb-above-header-display":"","ast-hfb-below-header-display":"","ast-hfb-mobile-header-display":"","site-post-title":"disabled","ast-breadcrumbs-content":"","ast-featured-img":"disabled","footer-sml-layout":"","theme-transparent-header-meta":"","adv-header-id-meta":"","stick-header-meta":"","header-above-stick-meta":"","header-main-stick-meta":"","header-below-stick-meta":""},"_links":{"self":[{"href":"https:\/\/www.moconavirginlodge.com\/pt-BR\/wp-json\/wp\/v2\/pages\/697"}],"collection":[{"href":"https:\/\/www.moconavirginlodge.com\/pt-BR\/wp-json\/wp\/v2\/pages"}],"about":[{"href":"https:\/\/www.moconavirginlodge.com\/pt-BR\/wp-json\/wp\/v2\/types\/page"}],"author":[{"embeddable":true,"href":"https:\/\/www.moconavirginlodge.com\/pt-BR\/wp-json\/wp\/v2\/users\/1"}],"replies":[{"embeddable":true,"href":"https:\/\/www.moconavirginlodge.com\/pt-BR\/wp-json\/wp\/v2\/comments?post=697"}],"version-history":[{"count":13,"href":"https:\/\/www.moconavirginlodge.com\/pt-BR\/wp-json\/wp\/v2\/pages\/697\/revisions"}],"predecessor-version":[{"id":1152,"href":"https:\/\/www.moconavirginlodge.com\/pt-BR\/wp-json\/wp\/v2\/pages\/697\/revisions\/1152"}],"wp:attachment":[{"href":"https:\/\/www.moconavirginlodge.com\/pt-BR\/wp-json\/wp\/v2\/media?parent=697"}],"curies":[{"name":"wp","href":"https:\/\/api.w.org\/{rel}","templated":true}]}}