{"id":674,"date":"2022-09-23T13:19:54","date_gmt":"2022-09-23T13:19:54","guid":{"rendered":"https:\/\/www.moconavirginlodge.com\/es-AR\/?page_id=674"},"modified":"2025-01-13T15:04:30","modified_gmt":"2025-01-13T15:04:30","slug":"sustentabilidad","status":"publish","type":"page","link":"https:\/\/www.moconavirginlodge.com\/es-AR\/sustentabilidad\/","title":{"rendered":"Sustentabilidad"},"content":{"rendered":"\t\t<div data-elementor-type=\"wp-page\" data-elementor-id=\"674\" class=\"elementor elementor-674\">\n\t\t\t\t\t\t\t\t\t<section class=\"elementor-section elementor-top-section elementor-element elementor-element-5801a3a elementor-section-boxed elementor-section-height-default elementor-section-height-default\" data-id=\"5801a3a\" data-element_type=\"section\" data-settings=\"{&quot;background_background&quot;:&quot;classic&quot;}\">\n\t\t\t\t\t\t<div class=\"elementor-container elementor-column-gap-default\">\n\t\t\t\t\t<div class=\"elementor-column elementor-col-100 elementor-top-column elementor-element elementor-element-c81eb0e\" data-id=\"c81eb0e\" data-element_type=\"column\">\n\t\t\t<div class=\"elementor-widget-wrap elementor-element-populated\">\n\t\t\t\t\t\t\t\t<div class=\"elementor-element elementor-element-b48edd4 elementor-widget elementor-widget-heading\" data-id=\"b48edd4\" data-element_type=\"widget\" data-widget_type=\"heading.default\">\n\t\t\t\t<div class=\"elementor-widget-container\">\n\t\t\t<style>\/*! elementor - v3.14.0 - 26-06-2023 *\/\n.elementor-heading-title{padding:0;margin:0;line-height:1}.elementor-widget-heading .elementor-heading-title[class*=elementor-size-]>a{color:inherit;font-size:inherit;line-height:inherit}.elementor-widget-heading .elementor-heading-title.elementor-size-small{font-size:15px}.elementor-widget-heading .elementor-heading-title.elementor-size-medium{font-size:19px}.elementor-widget-heading .elementor-heading-title.elementor-size-large{font-size:29px}.elementor-widget-heading .elementor-heading-title.elementor-size-xl{font-size:39px}.elementor-widget-heading .elementor-heading-title.elementor-size-xxl{font-size:59px}<\/style><h2 class=\"elementor-heading-title elementor-size-default\">SUSTENTABILIDAD<\/h2>\t\t<\/div>\n\t\t\t\t<\/div>\n\t\t\t\t<section class=\"elementor-section elementor-inner-section elementor-element elementor-element-099db4e elementor-section-boxed elementor-section-height-default elementor-section-height-default\" data-id=\"099db4e\" data-element_type=\"section\">\n\t\t\t\t\t\t<div class=\"elementor-container elementor-column-gap-default\">\n\t\t\t\t\t<div class=\"elementor-column elementor-col-100 elementor-inner-column elementor-element elementor-element-f534be2\" data-id=\"f534be2\" data-element_type=\"column\" data-settings=\"{&quot;background_background&quot;:&quot;classic&quot;}\">\n\t\t\t<div class=\"elementor-widget-wrap elementor-element-populated\">\n\t\t\t\t\t\t\t\t<div class=\"elementor-element elementor-element-2518209 elementor-widget elementor-widget-text-editor\" data-id=\"2518209\" data-element_type=\"widget\" data-widget_type=\"text-editor.default\">\n\t\t\t\t<div class=\"elementor-widget-container\">\n\t\t\t<style>\/*! elementor - v3.14.0 - 26-06-2023 *\/\n.elementor-widget-text-editor.elementor-drop-cap-view-stacked .elementor-drop-cap{background-color:#69727d;color:#fff}.elementor-widget-text-editor.elementor-drop-cap-view-framed .elementor-drop-cap{color:#69727d;border:3px solid;background-color:transparent}.elementor-widget-text-editor:not(.elementor-drop-cap-view-default) .elementor-drop-cap{margin-top:8px}.elementor-widget-text-editor:not(.elementor-drop-cap-view-default) .elementor-drop-cap-letter{width:1em;height:1em}.elementor-widget-text-editor .elementor-drop-cap{float:left;text-align:center;line-height:1;font-size:50px}.elementor-widget-text-editor .elementor-drop-cap-letter{display:inline-block}<\/style>\t\t\t\t<p>Mocon\u00e1 Virgin Lodge fue construido en una reserva privada de 67 ha y opera en base a un estricto estudio de impacto ambiental que incluye: el cuidado del agua, la preservaci\u00f3n de la tierra y el respeto por la cultura local.<\/p>\t\t\t\t\t\t<\/div>\n\t\t\t\t<\/div>\n\t\t\t\t<div class=\"elementor-element elementor-element-8ae59ea elementor-widget elementor-widget-text-editor\" data-id=\"8ae59ea\" data-element_type=\"widget\" data-widget_type=\"text-editor.default\">\n\t\t\t\t<div class=\"elementor-widget-container\">\n\t\t\t\t\t\t\t<p>Compromiso Mocon\u00e1:<\/p>\t\t\t\t\t\t<\/div>\n\t\t\t\t<\/div>\n\t\t\t\t<div class=\"elementor-element elementor-element-49afc11 elementor-widget elementor-widget-text-editor\" data-id=\"49afc11\" data-element_type=\"widget\" data-widget_type=\"text-editor.default\">\n\t\t\t\t<div class=\"elementor-widget-container\">\n\t\t\t\t\t\t\t<p>Compromiso Mocon\u00e1 es nuestro programa de responsabilidad social y ambiental. Su objetivo es garantizar que nuestros servicios cumplan con los est\u00e1ndares de calidad ambiental y sociocultural para desarrollar el turismo sostenible.<br \/>Mocon\u00e1 Virgin Lodge\u200b est\u00e1 en contra de la explotaci\u00f3n de ni\u00f1os, ni\u00f1as y adolescentes en todas sus formas y pr\u00e1cticas.<\/p>\t\t\t\t\t\t<\/div>\n\t\t\t\t<\/div>\n\t\t\t\t<div class=\"elementor-element elementor-element-0f40d76 elementor-widget elementor-widget-text-editor\" data-id=\"0f40d76\" data-element_type=\"widget\" data-widget_type=\"text-editor.default\">\n\t\t\t\t<div class=\"elementor-widget-container\">\n\t\t\t\t\t\t\t<p>Reserva Yabot\u00ed<\/p>\t\t\t\t\t\t<\/div>\n\t\t\t\t<\/div>\n\t\t\t\t<div class=\"elementor-element elementor-element-1473a7d elementor-widget elementor-widget-text-editor\" data-id=\"1473a7d\" data-element_type=\"widget\" data-widget_type=\"text-editor.default\">\n\t\t\t\t<div class=\"elementor-widget-container\">\n\t\t\t\t\t\t\t<p><span style=\"font-weight: 400;\">La Reserva de Bi\u00f3sfera Yabot\u00ed es una de las \u00e1reas protegidas m\u00e1s grandes de la Provincia de Misiones. Tiene una superficie de 235.959 ha en las que est\u00e1n incluidas propiedades p\u00fablicas y privadas.<\/span><\/p><p><span style=\"font-weight: 400;\">Esta reserva fue creada por ley en el a\u00f1o 1995 y pertenece al programa de la UNESCO \u201cEl hombre y la bi\u00f3sfera\u201d. El principal objetivo de este tipo de reservas es fomentar una relaci\u00f3n equilibrada entre la poblaci\u00f3n y su entorno natural, a fin de satisfacer las necesidades de las generaciones actuales y futuras.<\/span><\/p>\t\t\t\t\t\t<\/div>\n\t\t\t\t<\/div>\n\t\t\t\t\t<\/div>\n\t\t<\/div>\n\t\t\t\t\t\t\t<\/div>\n\t\t<\/section>\n\t\t\t\t<div class=\"elementor-element elementor-element-fe18ba7 elementor-widget__width-auto elementor-fixed elementor-view-default elementor-widget elementor-widget-icon\" data-id=\"fe18ba7\" data-element_type=\"widget\" data-settings=\"{&quot;_position&quot;:&quot;fixed&quot;}\" data-widget_type=\"icon.default\">\n\t\t\t\t<div class=\"elementor-widget-container\">\n\t\t\t\t\t<div class=\"elementor-icon-wrapper\">\n\t\t\t<a class=\"elementor-icon\" href=\"https:\/\/wa.me\/message\/OG4YLEWVS65EF1\">\n\t\t\t<i aria-hidden=\"true\" class=\"fab fa-whatsapp-square\"><\/i>\t\t\t<\/a>\n\t\t<\/div>\n\t\t\t\t<\/div>\n\t\t\t\t<\/div>\n\t\t\t\t<div class=\"elementor-element elementor-element-57a7022 elementor-align-right elementor-widget__width-auto elementor-fixed elementor-widget elementor-widget-button\" data-id=\"57a7022\" data-element_type=\"widget\" data-settings=\"{&quot;_position&quot;:&quot;fixed&quot;}\" data-widget_type=\"button.default\">\n\t\t\t\t<div class=\"elementor-widget-container\">\n\t\t\t\t\t<div class=\"elementor-button-wrapper\">\n\t\t\t<a class=\"elementor-button elementor-button-link elementor-size-sm\" href=\"https:\/\/booking.roomcloud.net\/be\/se2\/hotel.jsp?hotel=14703&#038;curr=ARS&#038;lang=es\">\n\t\t\t\t\t\t<span class=\"elementor-button-content-wrapper\">\n\t\t\t\t\t\t<span class=\"elementor-button-icon elementor-align-icon-left\">\n\t\t\t\t<i aria-hidden=\"true\" class=\"far fa-calendar\"><\/i>\t\t\t<\/span>\n\t\t\t\t\t\t<span class=\"elementor-button-text\">Reservar<\/span>\n\t\t<\/span>\n\t\t\t\t\t<\/a>\n\t\t<\/div>\n\t\t\t\t<\/div>\n\t\t\t\t<\/div>\n\t\t\t\t\t<\/div>\n\t\t<\/div>\n\t\t\t\t\t\t\t<\/div>\n\t\t<\/section>\n\t\t\t\t\t\t\t<\/div>\n\t\t","protected":false},"excerpt":{"rendered":"<p>SUSTENTABILIDAD Mocon\u00e1 Virgin Lodge fue construido en una reserva privada de 67 ha y opera en base a un estricto estudio de impacto ambiental que incluye: el cuidado del agua, la preservaci\u00f3n de la tierra y el respeto por la cultura local. Compromiso Mocon\u00e1: Compromiso Mocon\u00e1 es nuestro programa de responsabilidad social y ambiental. Su &hellip;<\/p>\n<p class=\"read-more\"> <a class=\"\" href=\"https:\/\/www.moconavirginlodge.com\/es-AR\/sustentabilidad\/\"> <span class=\"screen-reader-text\">Sustentabilidad<\/span> Leer m\u00e1s &raquo;<\/a><\/p>\n","protected":false},"author":1,"featured_media":0,"parent":0,"menu_order":0,"comment_status":"closed","ping_status":"closed","template":"","meta":{"site-sidebar-layout":"no-sidebar","site-content-layout":"page-builder","ast-global-header-display":"","ast-main-header-display":"","ast-hfb-above-header-display":"","ast-hfb-below-header-display":"","ast-hfb-mobile-header-display":"","site-post-title":"disabled","ast-breadcrumbs-content":"","ast-featured-img":"disabled","footer-sml-layout":"","theme-transparent-header-meta":"","adv-header-id-meta":"","stick-header-meta":"","header-above-stick-meta":"","header-main-stick-meta":"","header-below-stick-meta":""},"_links":{"self":[{"href":"https:\/\/www.moconavirginlodge.com\/es-AR\/wp-json\/wp\/v2\/pages\/674"}],"collection":[{"href":"https:\/\/www.moconavirginlodge.com\/es-AR\/wp-json\/wp\/v2\/pages"}],"about":[{"href":"https:\/\/www.moconavirginlodge.com\/es-AR\/wp-json\/wp\/v2\/types\/page"}],"author":[{"embeddable":true,"href":"https:\/\/www.moconavirginlodge.com\/es-AR\/wp-json\/wp\/v2\/users\/1"}],"replies":[{"embeddable":true,"href":"https:\/\/www.moconavirginlodge.com\/es-AR\/wp-json\/wp\/v2\/comments?post=674"}],"version-history":[{"count":16,"href":"https:\/\/www.moconavirginlodge.com\/es-AR\/wp-json\/wp\/v2\/pages\/674\/revisions"}],"predecessor-version":[{"id":1500,"href":"https:\/\/www.moconavirginlodge.com\/es-AR\/wp-json\/wp\/v2\/pages\/674\/revisions\/1500"}],"wp:attachment":[{"href":"https:\/\/www.moconavirginlodge.com\/es-AR\/wp-json\/wp\/v2\/media?parent=674"}],"curies":[{"name":"wp","href":"https:\/\/api.w.org\/{rel}","templated":true}]}}