{"id":644,"date":"2022-09-23T12:52:01","date_gmt":"2022-09-23T12:52:01","guid":{"rendered":"https:\/\/www.moconavirginlodge.com\/es-AR\/?page_id=644"},"modified":"2023-08-01T03:31:04","modified_gmt":"2023-08-01T03:31:04","slug":"sendero-oveja-negra-y-salto-horacio","status":"publish","type":"page","link":"https:\/\/www.moconavirginlodge.com\/es-AR\/sendero-oveja-negra-y-salto-horacio\/","title":{"rendered":"Sendero Oveja Negra y Salto Horacio"},"content":{"rendered":"\t\t<div data-elementor-type=\"wp-page\" data-elementor-id=\"644\" class=\"elementor elementor-644\">\n\t\t\t\t\t\t\t\t\t<section class=\"elementor-section elementor-top-section elementor-element elementor-element-4b59806 elementor-section-boxed elementor-section-height-default elementor-section-height-default\" data-id=\"4b59806\" data-element_type=\"section\">\n\t\t\t\t\t\t<div class=\"elementor-container elementor-column-gap-default\">\n\t\t\t\t\t<div class=\"elementor-column elementor-col-100 elementor-top-column elementor-element elementor-element-4a92345\" data-id=\"4a92345\" data-element_type=\"column\">\n\t\t\t<div class=\"elementor-widget-wrap elementor-element-populated\">\n\t\t\t\t\t\t\t\t<div class=\"elementor-element elementor-element-9280492 elementor-widget elementor-widget-heading\" data-id=\"9280492\" data-element_type=\"widget\" data-widget_type=\"heading.default\">\n\t\t\t\t<div class=\"elementor-widget-container\">\n\t\t\t<style>\/*! elementor - v3.14.0 - 26-06-2023 *\/\n.elementor-heading-title{padding:0;margin:0;line-height:1}.elementor-widget-heading .elementor-heading-title[class*=elementor-size-]>a{color:inherit;font-size:inherit;line-height:inherit}.elementor-widget-heading .elementor-heading-title.elementor-size-small{font-size:15px}.elementor-widget-heading .elementor-heading-title.elementor-size-medium{font-size:19px}.elementor-widget-heading .elementor-heading-title.elementor-size-large{font-size:29px}.elementor-widget-heading .elementor-heading-title.elementor-size-xl{font-size:39px}.elementor-widget-heading .elementor-heading-title.elementor-size-xxl{font-size:59px}<\/style><h2 class=\"elementor-heading-title elementor-size-default\">Sendero Oveja Negra y Salto Horacio<\/h2>\t\t<\/div>\n\t\t\t\t<\/div>\n\t\t\t\t<section class=\"elementor-section elementor-inner-section elementor-element elementor-element-1d5f878 elementor-section-boxed elementor-section-height-default elementor-section-height-default\" data-id=\"1d5f878\" data-element_type=\"section\" data-settings=\"{&quot;background_background&quot;:&quot;classic&quot;}\">\n\t\t\t\t\t\t<div class=\"elementor-container elementor-column-gap-default\">\n\t\t\t\t\t<div class=\"elementor-column elementor-col-50 elementor-inner-column elementor-element elementor-element-5a7d83a\" data-id=\"5a7d83a\" data-element_type=\"column\">\n\t\t\t<div class=\"elementor-widget-wrap elementor-element-populated\">\n\t\t\t\t\t\t\t\t<div class=\"elementor-element elementor-element-7d3fe27 elementor-widget elementor-widget-text-editor\" data-id=\"7d3fe27\" data-element_type=\"widget\" data-widget_type=\"text-editor.default\">\n\t\t\t\t<div class=\"elementor-widget-container\">\n\t\t\t<style>\/*! elementor - v3.14.0 - 26-06-2023 *\/\n.elementor-widget-text-editor.elementor-drop-cap-view-stacked .elementor-drop-cap{background-color:#69727d;color:#fff}.elementor-widget-text-editor.elementor-drop-cap-view-framed .elementor-drop-cap{color:#69727d;border:3px solid;background-color:transparent}.elementor-widget-text-editor:not(.elementor-drop-cap-view-default) .elementor-drop-cap{margin-top:8px}.elementor-widget-text-editor:not(.elementor-drop-cap-view-default) .elementor-drop-cap-letter{width:1em;height:1em}.elementor-widget-text-editor .elementor-drop-cap{float:left;text-align:center;line-height:1;font-size:50px}.elementor-widget-text-editor .elementor-drop-cap-letter{display:inline-block}<\/style>\t\t\t\t<p>En el recorrido Oveja Negra guiamos a los hu\u00e9spedes por un sendero en donde podr\u00e1n interpretar las diferentes especies de flora y fauna caracter\u00edsticas de la zona. Tiene una duraci\u00f3n total de 2 horas en donde se podr\u00e1 apreciar el curso del Arroyo \u201cOveja Negra\u201d y el imponente Salto Horacio, que alcanza los 18m de altura y se vislumbra desde distintas paradas.<\/p><p><em>*Actividad sujeta a condiciones clim\u00e1ticas.<\/em><\/p>\t\t\t\t\t\t<\/div>\n\t\t\t\t<\/div>\n\t\t\t\t\t<\/div>\n\t\t<\/div>\n\t\t\t\t<div class=\"elementor-column elementor-col-50 elementor-inner-column elementor-element elementor-element-8f76595\" data-id=\"8f76595\" data-element_type=\"column\" data-settings=\"{&quot;background_background&quot;:&quot;classic&quot;}\">\n\t\t\t<div class=\"elementor-widget-wrap elementor-element-populated\">\n\t\t\t\t\t\t\t\t<div class=\"elementor-element elementor-element-6a972f3 elementor-widget elementor-widget-image\" data-id=\"6a972f3\" data-element_type=\"widget\" data-widget_type=\"image.default\">\n\t\t\t\t<div class=\"elementor-widget-container\">\n\t\t\t<style>\/*! elementor - v3.14.0 - 26-06-2023 *\/\n.elementor-widget-image{text-align:center}.elementor-widget-image a{display:inline-block}.elementor-widget-image a img[src$=\".svg\"]{width:48px}.elementor-widget-image img{vertical-align:middle;display:inline-block}<\/style>\t\t\t\t\t\t\t\t\t\t\t\t<img decoding=\"async\" width=\"750\" height=\"1000\" src=\"https:\/\/www.moconavirginlodge.com\/es-AR\/wp-content\/uploads\/2022\/09\/5SaltoHoracioMoconaVirgin.jpg\" class=\"attachment-large size-large wp-image-415\" alt=\"Salto Horacio Mocon\u00e1 Virgin Lodge\" loading=\"lazy\" srcset=\"https:\/\/www.moconavirginlodge.com\/es-AR\/wp-content\/uploads\/2022\/09\/5SaltoHoracioMoconaVirgin.jpg 750w, https:\/\/www.moconavirginlodge.com\/es-AR\/wp-content\/uploads\/2022\/09\/5SaltoHoracioMoconaVirgin-225x300.jpg 225w\" sizes=\"(max-width: 750px) 100vw, 750px\" \/>\t\t\t\t\t\t\t\t\t\t\t\t\t\t\t<\/div>\n\t\t\t\t<\/div>\n\t\t\t\t\t<\/div>\n\t\t<\/div>\n\t\t\t\t\t\t\t<\/div>\n\t\t<\/section>\n\t\t\t\t<div class=\"elementor-element elementor-element-10aedb4 elementor-widget__width-auto elementor-fixed elementor-view-default elementor-widget elementor-widget-icon\" data-id=\"10aedb4\" data-element_type=\"widget\" data-settings=\"{&quot;_position&quot;:&quot;fixed&quot;}\" data-widget_type=\"icon.default\">\n\t\t\t\t<div class=\"elementor-widget-container\">\n\t\t\t\t\t<div class=\"elementor-icon-wrapper\">\n\t\t\t<a class=\"elementor-icon\" href=\"https:\/\/wa.me\/message\/OG4YLEWVS65EF1\">\n\t\t\t<i aria-hidden=\"true\" class=\"fab fa-whatsapp-square\"><\/i>\t\t\t<\/a>\n\t\t<\/div>\n\t\t\t\t<\/div>\n\t\t\t\t<\/div>\n\t\t\t\t<div class=\"elementor-element elementor-element-9c62aa5 elementor-align-right elementor-widget__width-auto elementor-fixed elementor-widget elementor-widget-button\" data-id=\"9c62aa5\" data-element_type=\"widget\" data-settings=\"{&quot;_position&quot;:&quot;fixed&quot;}\" data-widget_type=\"button.default\">\n\t\t\t\t<div class=\"elementor-widget-container\">\n\t\t\t\t\t<div class=\"elementor-button-wrapper\">\n\t\t\t<a class=\"elementor-button elementor-button-link elementor-size-sm\" href=\"https:\/\/booking.roomcloud.net\/be\/se2\/hotel.jsp?hotel=14703&#038;curr=ARS&#038;lang=es\">\n\t\t\t\t\t\t<span class=\"elementor-button-content-wrapper\">\n\t\t\t\t\t\t<span class=\"elementor-button-icon elementor-align-icon-left\">\n\t\t\t\t<i aria-hidden=\"true\" class=\"far fa-calendar\"><\/i>\t\t\t<\/span>\n\t\t\t\t\t\t<span class=\"elementor-button-text\">Reservar<\/span>\n\t\t<\/span>\n\t\t\t\t\t<\/a>\n\t\t<\/div>\n\t\t\t\t<\/div>\n\t\t\t\t<\/div>\n\t\t\t\t\t<\/div>\n\t\t<\/div>\n\t\t\t\t\t\t\t<\/div>\n\t\t<\/section>\n\t\t\t\t<section class=\"elementor-section elementor-top-section elementor-element elementor-element-36a9410 elementor-section-boxed elementor-section-height-default elementor-section-height-default\" data-id=\"36a9410\" data-element_type=\"section\">\n\t\t\t\t\t\t<div class=\"elementor-container elementor-column-gap-default\">\n\t\t\t\t\t<div class=\"elementor-column elementor-col-100 elementor-top-column elementor-element elementor-element-0e0e228\" data-id=\"0e0e228\" data-element_type=\"column\">\n\t\t\t<div class=\"elementor-widget-wrap elementor-element-populated\">\n\t\t\t\t\t\t\t\t\t<\/div>\n\t\t<\/div>\n\t\t\t\t\t\t\t<\/div>\n\t\t<\/section>\n\t\t\t\t<section class=\"elementor-section elementor-top-section elementor-element elementor-element-54405a7 elementor-section-boxed elementor-section-height-default elementor-section-height-default\" data-id=\"54405a7\" data-element_type=\"section\" data-settings=\"{&quot;background_background&quot;:&quot;classic&quot;}\">\n\t\t\t\t\t\t<div class=\"elementor-container elementor-column-gap-default\">\n\t\t\t\t\t<div class=\"elementor-column elementor-col-100 elementor-top-column elementor-element elementor-element-66f98a8\" data-id=\"66f98a8\" data-element_type=\"column\">\n\t\t\t<div class=\"elementor-widget-wrap elementor-element-populated\">\n\t\t\t\t\t\t\t\t<div class=\"elementor-element elementor-element-834a516 elementor-widget elementor-widget-text-editor\" data-id=\"834a516\" data-element_type=\"widget\" data-widget_type=\"text-editor.default\">\n\t\t\t\t<div class=\"elementor-widget-container\">\n\t\t\t\t\t\t\t<p>EXPERIENCIAS<\/p>\t\t\t\t\t\t<\/div>\n\t\t\t\t<\/div>\n\t\t\t\t<section class=\"elementor-section elementor-inner-section elementor-element elementor-element-868b0cc elementor-section-full_width elementor-section-height-default elementor-section-height-default\" data-id=\"868b0cc\" data-element_type=\"section\">\n\t\t\t\t\t\t<div class=\"elementor-container elementor-column-gap-default\">\n\t\t\t\t\t<div class=\"elementor-column elementor-col-16 elementor-inner-column elementor-element elementor-element-6a2f1ad\" data-id=\"6a2f1ad\" data-element_type=\"column\" data-settings=\"{&quot;background_background&quot;:&quot;classic&quot;}\">\n\t\t\t<div class=\"elementor-widget-wrap elementor-element-populated\">\n\t\t\t\t\t\t\t\t<div class=\"elementor-element elementor-element-7de6772 elementor-widget elementor-widget-image\" data-id=\"7de6772\" data-element_type=\"widget\" data-widget_type=\"image.default\">\n\t\t\t\t<div class=\"elementor-widget-container\">\n\t\t\t\t\t\t\t\t\t\t\t\t\t\t\t<img decoding=\"async\" width=\"1024\" height=\"682\" src=\"https:\/\/www.moconavirginlodge.com\/es-AR\/wp-content\/uploads\/2022\/09\/Tirolesa2MoconaVirgin-1024x682.jpg\" class=\"attachment-large size-large wp-image-488\" alt=\"Tirolesa en Mocon\u00e1 Virgin Lodge\" loading=\"lazy\" srcset=\"https:\/\/www.moconavirginlodge.com\/es-AR\/wp-content\/uploads\/2022\/09\/Tirolesa2MoconaVirgin-1024x682.jpg 1024w, https:\/\/www.moconavirginlodge.com\/es-AR\/wp-content\/uploads\/2022\/09\/Tirolesa2MoconaVirgin-300x200.jpg 300w, https:\/\/www.moconavirginlodge.com\/es-AR\/wp-content\/uploads\/2022\/09\/Tirolesa2MoconaVirgin-768x512.jpg 768w, https:\/\/www.moconavirginlodge.com\/es-AR\/wp-content\/uploads\/2022\/09\/Tirolesa2MoconaVirgin.jpg 1280w\" sizes=\"(max-width: 1024px) 100vw, 1024px\" \/>\t\t\t\t\t\t\t\t\t\t\t\t\t\t\t<\/div>\n\t\t\t\t<\/div>\n\t\t\t\t<div class=\"elementor-element elementor-element-d085bb8 elementor-widget elementor-widget-text-editor\" data-id=\"d085bb8\" data-element_type=\"widget\" data-widget_type=\"text-editor.default\">\n\t\t\t\t<div class=\"elementor-widget-container\">\n\t\t\t\t\t\t\t<p>TIROLESA EN LA SELVA<\/p>\t\t\t\t\t\t<\/div>\n\t\t\t\t<\/div>\n\t\t\t\t<div class=\"elementor-element elementor-element-f21d82f elementor-align-center elementor-widget elementor-widget-button\" data-id=\"f21d82f\" data-element_type=\"widget\" data-widget_type=\"button.default\">\n\t\t\t\t<div class=\"elementor-widget-container\">\n\t\t\t\t\t<div class=\"elementor-button-wrapper\">\n\t\t\t<a class=\"elementor-button elementor-button-link elementor-size-sm\" href=\"https:\/\/www.moconavirginlodge.com\/es-AR\/tirolesa-2\/\">\n\t\t\t\t\t\t<span class=\"elementor-button-content-wrapper\">\n\t\t\t\t\t\t<span class=\"elementor-button-text\">Ver Mas<\/span>\n\t\t<\/span>\n\t\t\t\t\t<\/a>\n\t\t<\/div>\n\t\t\t\t<\/div>\n\t\t\t\t<\/div>\n\t\t\t\t\t<\/div>\n\t\t<\/div>\n\t\t\t\t<div class=\"elementor-column elementor-col-16 elementor-inner-column elementor-element elementor-element-1056df4\" data-id=\"1056df4\" data-element_type=\"column\" data-settings=\"{&quot;background_background&quot;:&quot;classic&quot;}\">\n\t\t\t<div class=\"elementor-widget-wrap elementor-element-populated\">\n\t\t\t\t\t\t\t\t<div class=\"elementor-element elementor-element-30342da elementor-widget elementor-widget-image\" data-id=\"30342da\" data-element_type=\"widget\" data-widget_type=\"image.default\">\n\t\t\t\t<div class=\"elementor-widget-container\">\n\t\t\t\t\t\t\t\t\t\t\t\t\t\t\t<img decoding=\"async\" width=\"1024\" height=\"682\" src=\"https:\/\/www.moconavirginlodge.com\/es-AR\/wp-content\/uploads\/2022\/09\/Kayak2MoconaVirgin-1024x682.jpg\" class=\"attachment-large size-large wp-image-424\" alt=\"Kayak Mocon\u00e1 Virgin Lodge\" loading=\"lazy\" srcset=\"https:\/\/www.moconavirginlodge.com\/es-AR\/wp-content\/uploads\/2022\/09\/Kayak2MoconaVirgin-1024x682.jpg 1024w, https:\/\/www.moconavirginlodge.com\/es-AR\/wp-content\/uploads\/2022\/09\/Kayak2MoconaVirgin-300x200.jpg 300w, https:\/\/www.moconavirginlodge.com\/es-AR\/wp-content\/uploads\/2022\/09\/Kayak2MoconaVirgin-768x512.jpg 768w, https:\/\/www.moconavirginlodge.com\/es-AR\/wp-content\/uploads\/2022\/09\/Kayak2MoconaVirgin.jpg 1280w\" sizes=\"(max-width: 1024px) 100vw, 1024px\" \/>\t\t\t\t\t\t\t\t\t\t\t\t\t\t\t<\/div>\n\t\t\t\t<\/div>\n\t\t\t\t<div class=\"elementor-element elementor-element-e780478 elementor-widget elementor-widget-text-editor\" data-id=\"e780478\" data-element_type=\"widget\" data-widget_type=\"text-editor.default\">\n\t\t\t\t<div class=\"elementor-widget-container\">\n\t\t\t\t\t\t\t<p>KAYAK<\/p>\t\t\t\t\t\t<\/div>\n\t\t\t\t<\/div>\n\t\t\t\t<div class=\"elementor-element elementor-element-62159f6 elementor-align-center elementor-widget elementor-widget-button\" data-id=\"62159f6\" data-element_type=\"widget\" data-widget_type=\"button.default\">\n\t\t\t\t<div class=\"elementor-widget-container\">\n\t\t\t\t\t<div class=\"elementor-button-wrapper\">\n\t\t\t<a class=\"elementor-button elementor-button-link elementor-size-sm\" href=\"https:\/\/www.moconavirginlodge.com\/es-AR\/kayak-2\/\">\n\t\t\t\t\t\t<span class=\"elementor-button-content-wrapper\">\n\t\t\t\t\t\t<span class=\"elementor-button-text\">Ver Mas<\/span>\n\t\t<\/span>\n\t\t\t\t\t<\/a>\n\t\t<\/div>\n\t\t\t\t<\/div>\n\t\t\t\t<\/div>\n\t\t\t\t\t<\/div>\n\t\t<\/div>\n\t\t\t\t<div class=\"elementor-column elementor-col-16 elementor-inner-column elementor-element elementor-element-49dd9f9\" data-id=\"49dd9f9\" data-element_type=\"column\" data-settings=\"{&quot;background_background&quot;:&quot;classic&quot;}\">\n\t\t\t<div class=\"elementor-widget-wrap elementor-element-populated\">\n\t\t\t\t\t\t\t\t<div class=\"elementor-element elementor-element-63af7c9 elementor-widget elementor-widget-image\" data-id=\"63af7c9\" data-element_type=\"widget\" data-widget_type=\"image.default\">\n\t\t\t\t<div class=\"elementor-widget-container\">\n\t\t\t\t\t\t\t\t\t\t\t\t\t\t\t<img decoding=\"async\" width=\"1024\" height=\"683\" src=\"https:\/\/www.moconavirginlodge.com\/es-AR\/wp-content\/uploads\/2022\/09\/Salto-Horacio-2-Mocona-Virgin-1024x683.jpg\" class=\"attachment-large size-large wp-image-467\" alt=\"Salto Horacio en Mocon\u00e1 Virgin Lodge\" loading=\"lazy\" srcset=\"https:\/\/www.moconavirginlodge.com\/es-AR\/wp-content\/uploads\/2022\/09\/Salto-Horacio-2-Mocona-Virgin-1024x683.jpg 1024w, https:\/\/www.moconavirginlodge.com\/es-AR\/wp-content\/uploads\/2022\/09\/Salto-Horacio-2-Mocona-Virgin-300x200.jpg 300w, https:\/\/www.moconavirginlodge.com\/es-AR\/wp-content\/uploads\/2022\/09\/Salto-Horacio-2-Mocona-Virgin-768x512.jpg 768w, https:\/\/www.moconavirginlodge.com\/es-AR\/wp-content\/uploads\/2022\/09\/Salto-Horacio-2-Mocona-Virgin-1536x1024.jpg 1536w, https:\/\/www.moconavirginlodge.com\/es-AR\/wp-content\/uploads\/2022\/09\/Salto-Horacio-2-Mocona-Virgin-2048x1365.jpg 2048w\" sizes=\"(max-width: 1024px) 100vw, 1024px\" \/>\t\t\t\t\t\t\t\t\t\t\t\t\t\t\t<\/div>\n\t\t\t\t<\/div>\n\t\t\t\t<div class=\"elementor-element elementor-element-d3c47ff elementor-widget elementor-widget-text-editor\" data-id=\"d3c47ff\" data-element_type=\"widget\" data-widget_type=\"text-editor.default\">\n\t\t\t\t<div class=\"elementor-widget-container\">\n\t\t\t\t\t\t\t<p>SENDERO OVEJA NEGRA Y SALTO HORACIO<\/p>\t\t\t\t\t\t<\/div>\n\t\t\t\t<\/div>\n\t\t\t\t<div class=\"elementor-element elementor-element-862e6c6 elementor-align-center elementor-widget elementor-widget-button\" data-id=\"862e6c6\" data-element_type=\"widget\" data-widget_type=\"button.default\">\n\t\t\t\t<div class=\"elementor-widget-container\">\n\t\t\t\t\t<div class=\"elementor-button-wrapper\">\n\t\t\t<a class=\"elementor-button elementor-button-link elementor-size-sm\" href=\"https:\/\/www.moconavirginlodge.com\/es-AR\/sendero-oveja-negra-y-salto-horacio\/\">\n\t\t\t\t\t\t<span class=\"elementor-button-content-wrapper\">\n\t\t\t\t\t\t<span class=\"elementor-button-text\">Ver Mas<\/span>\n\t\t<\/span>\n\t\t\t\t\t<\/a>\n\t\t<\/div>\n\t\t\t\t<\/div>\n\t\t\t\t<\/div>\n\t\t\t\t\t<\/div>\n\t\t<\/div>\n\t\t\t\t<div class=\"elementor-column elementor-col-16 elementor-inner-column elementor-element elementor-element-32f9d8c\" data-id=\"32f9d8c\" data-element_type=\"column\" data-settings=\"{&quot;background_background&quot;:&quot;classic&quot;}\">\n\t\t\t<div class=\"elementor-widget-wrap elementor-element-populated\">\n\t\t\t\t\t\t\t\t<div class=\"elementor-element elementor-element-a3c1b22 elementor-widget elementor-widget-image\" data-id=\"a3c1b22\" data-element_type=\"widget\" data-widget_type=\"image.default\">\n\t\t\t\t<div class=\"elementor-widget-container\">\n\t\t\t\t\t\t\t\t\t\t\t\t\t\t\t<img decoding=\"async\" width=\"1024\" height=\"682\" src=\"https:\/\/www.moconavirginlodge.com\/es-AR\/wp-content\/uploads\/2022\/09\/Fogon1MoconaVirgin-1024x682.jpg\" class=\"attachment-large size-large wp-image-422\" alt=\"Fog\u00f3n en Mocon\u00e1 Virgin Lodge\" loading=\"lazy\" srcset=\"https:\/\/www.moconavirginlodge.com\/es-AR\/wp-content\/uploads\/2022\/09\/Fogon1MoconaVirgin-1024x682.jpg 1024w, https:\/\/www.moconavirginlodge.com\/es-AR\/wp-content\/uploads\/2022\/09\/Fogon1MoconaVirgin-300x200.jpg 300w, https:\/\/www.moconavirginlodge.com\/es-AR\/wp-content\/uploads\/2022\/09\/Fogon1MoconaVirgin-768x512.jpg 768w, https:\/\/www.moconavirginlodge.com\/es-AR\/wp-content\/uploads\/2022\/09\/Fogon1MoconaVirgin.jpg 1280w\" sizes=\"(max-width: 1024px) 100vw, 1024px\" \/>\t\t\t\t\t\t\t\t\t\t\t\t\t\t\t<\/div>\n\t\t\t\t<\/div>\n\t\t\t\t<div class=\"elementor-element elementor-element-b3a7bc4 elementor-widget elementor-widget-text-editor\" data-id=\"b3a7bc4\" data-element_type=\"widget\" data-widget_type=\"text-editor.default\">\n\t\t\t\t<div class=\"elementor-widget-container\">\n\t\t\t\t\t\t\t<p>FOG\u00d3N DEL MENS\u00da<\/p>\t\t\t\t\t\t<\/div>\n\t\t\t\t<\/div>\n\t\t\t\t<div class=\"elementor-element elementor-element-0c6dee3 elementor-align-center elementor-widget elementor-widget-button\" data-id=\"0c6dee3\" data-element_type=\"widget\" data-widget_type=\"button.default\">\n\t\t\t\t<div class=\"elementor-widget-container\">\n\t\t\t\t\t<div class=\"elementor-button-wrapper\">\n\t\t\t<a class=\"elementor-button elementor-button-link elementor-size-sm\" href=\"https:\/\/www.moconavirginlodge.com\/es-AR\/fogon-del-mensu\/\">\n\t\t\t\t\t\t<span class=\"elementor-button-content-wrapper\">\n\t\t\t\t\t\t<span class=\"elementor-button-text\">Ver Mas<\/span>\n\t\t<\/span>\n\t\t\t\t\t<\/a>\n\t\t<\/div>\n\t\t\t\t<\/div>\n\t\t\t\t<\/div>\n\t\t\t\t\t<\/div>\n\t\t<\/div>\n\t\t\t\t<div class=\"elementor-column elementor-col-16 elementor-inner-column elementor-element elementor-element-d9e760c\" data-id=\"d9e760c\" data-element_type=\"column\" data-settings=\"{&quot;background_background&quot;:&quot;classic&quot;}\">\n\t\t\t<div class=\"elementor-widget-wrap elementor-element-populated\">\n\t\t\t\t\t\t\t\t<div class=\"elementor-element elementor-element-bff68cd elementor-widget elementor-widget-image\" data-id=\"bff68cd\" data-element_type=\"widget\" data-widget_type=\"image.default\">\n\t\t\t\t<div class=\"elementor-widget-container\">\n\t\t\t\t\t\t\t\t\t\t\t\t\t\t\t<img decoding=\"async\" width=\"694\" height=\"451\" src=\"https:\/\/www.moconavirginlodge.com\/es-AR\/wp-content\/uploads\/2022\/09\/Rappel-1-Mocona-Virgin-e1663279443853.jpg\" class=\"attachment-large size-large wp-image-475\" alt=\"Rappel Mocon\u00e1 Virgin Lodge\" loading=\"lazy\" srcset=\"https:\/\/www.moconavirginlodge.com\/es-AR\/wp-content\/uploads\/2022\/09\/Rappel-1-Mocona-Virgin-e1663279443853.jpg 694w, https:\/\/www.moconavirginlodge.com\/es-AR\/wp-content\/uploads\/2022\/09\/Rappel-1-Mocona-Virgin-e1663279443853-300x195.jpg 300w\" sizes=\"(max-width: 694px) 100vw, 694px\" \/>\t\t\t\t\t\t\t\t\t\t\t\t\t\t\t<\/div>\n\t\t\t\t<\/div>\n\t\t\t\t<div class=\"elementor-element elementor-element-00e844c elementor-widget elementor-widget-text-editor\" data-id=\"00e844c\" data-element_type=\"widget\" data-widget_type=\"text-editor.default\">\n\t\t\t\t<div class=\"elementor-widget-container\">\n\t\t\t\t\t\t\t<p>RAPPEL<\/p>\t\t\t\t\t\t<\/div>\n\t\t\t\t<\/div>\n\t\t\t\t<div class=\"elementor-element elementor-element-674589b elementor-align-center elementor-widget elementor-widget-button\" data-id=\"674589b\" data-element_type=\"widget\" data-widget_type=\"button.default\">\n\t\t\t\t<div class=\"elementor-widget-container\">\n\t\t\t\t\t<div class=\"elementor-button-wrapper\">\n\t\t\t<a class=\"elementor-button elementor-button-link elementor-size-sm\" href=\"https:\/\/www.moconavirginlodge.com\/es-AR\/rappel\/\">\n\t\t\t\t\t\t<span class=\"elementor-button-content-wrapper\">\n\t\t\t\t\t\t<span class=\"elementor-button-text\">Ver Mas<\/span>\n\t\t<\/span>\n\t\t\t\t\t<\/a>\n\t\t<\/div>\n\t\t\t\t<\/div>\n\t\t\t\t<\/div>\n\t\t\t\t\t<\/div>\n\t\t<\/div>\n\t\t\t\t<div class=\"elementor-column elementor-col-16 elementor-inner-column elementor-element elementor-element-e2ee897\" data-id=\"e2ee897\" data-element_type=\"column\" data-settings=\"{&quot;background_background&quot;:&quot;classic&quot;}\">\n\t\t\t<div class=\"elementor-widget-wrap elementor-element-populated\">\n\t\t\t\t\t\t\t\t<div class=\"elementor-element elementor-element-71aa2ab elementor-widget elementor-widget-image\" data-id=\"71aa2ab\" data-element_type=\"widget\" data-widget_type=\"image.default\">\n\t\t\t\t<div class=\"elementor-widget-container\">\n\t\t\t\t\t\t\t\t\t\t\t\t\t\t\t<img decoding=\"async\" width=\"300\" height=\"225\" src=\"https:\/\/www.moconavirginlodge.com\/es-AR\/wp-content\/uploads\/2023\/07\/Astroturismo2-300x225.jpeg\" class=\"attachment-medium size-medium wp-image-1406\" alt=\"\" loading=\"lazy\" srcset=\"https:\/\/www.moconavirginlodge.com\/es-AR\/wp-content\/uploads\/2023\/07\/Astroturismo2-e1690171004125.jpeg 300w, https:\/\/www.moconavirginlodge.com\/es-AR\/wp-content\/uploads\/2023\/07\/Astroturismo2-768x576.jpeg 768w\" sizes=\"(max-width: 300px) 100vw, 300px\" \/>\t\t\t\t\t\t\t\t\t\t\t\t\t\t\t<\/div>\n\t\t\t\t<\/div>\n\t\t\t\t<div class=\"elementor-element elementor-element-ececee0 elementor-widget elementor-widget-text-editor\" data-id=\"ececee0\" data-element_type=\"widget\" data-widget_type=\"text-editor.default\">\n\t\t\t\t<div class=\"elementor-widget-container\">\n\t\t\t\t\t\t\t<p>ASTROTURISMO<\/p>\t\t\t\t\t\t<\/div>\n\t\t\t\t<\/div>\n\t\t\t\t<div class=\"elementor-element elementor-element-c4b6b8b elementor-align-center elementor-widget elementor-widget-button\" data-id=\"c4b6b8b\" data-element_type=\"widget\" data-widget_type=\"button.default\">\n\t\t\t\t<div class=\"elementor-widget-container\">\n\t\t\t\t\t<div class=\"elementor-button-wrapper\">\n\t\t\t<a class=\"elementor-button elementor-button-link elementor-size-sm\" href=\"https:\/\/www.moconavirginlodge.com\/es-AR\/astroturismo\/\">\n\t\t\t\t\t\t<span class=\"elementor-button-content-wrapper\">\n\t\t\t\t\t\t<span class=\"elementor-button-text\">Ver Mas<\/span>\n\t\t<\/span>\n\t\t\t\t\t<\/a>\n\t\t<\/div>\n\t\t\t\t<\/div>\n\t\t\t\t<\/div>\n\t\t\t\t\t<\/div>\n\t\t<\/div>\n\t\t\t\t\t\t\t<\/div>\n\t\t<\/section>\n\t\t\t\t\t<\/div>\n\t\t<\/div>\n\t\t\t\t\t\t\t<\/div>\n\t\t<\/section>\n\t\t\t\t\t\t\t<\/div>\n\t\t","protected":false},"excerpt":{"rendered":"<p>Sendero Oveja Negra y Salto Horacio En el recorrido Oveja Negra guiamos a los hu\u00e9spedes por un sendero en donde podr\u00e1n interpretar las diferentes especies de flora y fauna caracter\u00edsticas de la zona. Tiene una duraci\u00f3n total de 2 horas en donde se podr\u00e1 apreciar el curso del Arroyo \u201cOveja Negra\u201d y el imponente Salto &hellip;<\/p>\n<p class=\"read-more\"> <a class=\"\" href=\"https:\/\/www.moconavirginlodge.com\/es-AR\/sendero-oveja-negra-y-salto-horacio\/\"> <span class=\"screen-reader-text\">Sendero Oveja Negra y Salto Horacio<\/span> Leer m\u00e1s &raquo;<\/a><\/p>\n","protected":false},"author":1,"featured_media":0,"parent":0,"menu_order":0,"comment_status":"closed","ping_status":"closed","template":"","meta":{"site-sidebar-layout":"no-sidebar","site-content-layout":"page-builder","ast-global-header-display":"","ast-main-header-display":"","ast-hfb-above-header-display":"","ast-hfb-below-header-display":"","ast-hfb-mobile-header-display":"","site-post-title":"disabled","ast-breadcrumbs-content":"","ast-featured-img":"disabled","footer-sml-layout":"","theme-transparent-header-meta":"","adv-header-id-meta":"","stick-header-meta":"","header-above-stick-meta":"","header-main-stick-meta":"","header-below-stick-meta":""},"_links":{"self":[{"href":"https:\/\/www.moconavirginlodge.com\/es-AR\/wp-json\/wp\/v2\/pages\/644"}],"collection":[{"href":"https:\/\/www.moconavirginlodge.com\/es-AR\/wp-json\/wp\/v2\/pages"}],"about":[{"href":"https:\/\/www.moconavirginlodge.com\/es-AR\/wp-json\/wp\/v2\/types\/page"}],"author":[{"embeddable":true,"href":"https:\/\/www.moconavirginlodge.com\/es-AR\/wp-json\/wp\/v2\/users\/1"}],"replies":[{"embeddable":true,"href":"https:\/\/www.moconavirginlodge.com\/es-AR\/wp-json\/wp\/v2\/comments?post=644"}],"version-history":[{"count":29,"href":"https:\/\/www.moconavirginlodge.com\/es-AR\/wp-json\/wp\/v2\/pages\/644\/revisions"}],"predecessor-version":[{"id":1470,"href":"https:\/\/www.moconavirginlodge.com\/es-AR\/wp-json\/wp\/v2\/pages\/644\/revisions\/1470"}],"wp:attachment":[{"href":"https:\/\/www.moconavirginlodge.com\/es-AR\/wp-json\/wp\/v2\/media?parent=644"}],"curies":[{"name":"wp","href":"https:\/\/api.w.org\/{rel}","templated":true}]}}