{"id":610,"date":"2022-09-23T12:09:28","date_gmt":"2022-09-23T12:09:28","guid":{"rendered":"https:\/\/www.moconavirginlodge.com\/es-AR\/?page_id=610"},"modified":"2022-10-06T20:37:50","modified_gmt":"2022-10-06T20:37:50","slug":"sobre-nosotros","status":"publish","type":"page","link":"https:\/\/www.moconavirginlodge.com\/es-AR\/sobre-nosotros\/","title":{"rendered":"Sobre Nosotros"},"content":{"rendered":"\t\t<div data-elementor-type=\"wp-page\" data-elementor-id=\"610\" class=\"elementor elementor-610\">\n\t\t\t\t\t\t\t\t\t<section class=\"elementor-section elementor-top-section elementor-element elementor-element-7f7d7cd elementor-section-boxed elementor-section-height-default elementor-section-height-default\" data-id=\"7f7d7cd\" data-element_type=\"section\" data-settings=\"{&quot;background_background&quot;:&quot;classic&quot;}\">\n\t\t\t\t\t\t<div class=\"elementor-container elementor-column-gap-default\">\n\t\t\t\t\t<div class=\"elementor-column elementor-col-100 elementor-top-column elementor-element elementor-element-2dd82f1\" data-id=\"2dd82f1\" data-element_type=\"column\" data-settings=\"{&quot;background_background&quot;:&quot;classic&quot;}\">\n\t\t\t<div class=\"elementor-widget-wrap elementor-element-populated\">\n\t\t\t\t\t\t\t\t<section class=\"elementor-section elementor-inner-section elementor-element elementor-element-01b0a28 elementor-section-boxed elementor-section-height-default elementor-section-height-default\" data-id=\"01b0a28\" data-element_type=\"section\" data-settings=\"{&quot;background_background&quot;:&quot;classic&quot;}\">\n\t\t\t\t\t\t<div class=\"elementor-container elementor-column-gap-default\">\n\t\t\t\t\t<div class=\"elementor-column elementor-col-100 elementor-inner-column elementor-element elementor-element-3506d6a\" data-id=\"3506d6a\" data-element_type=\"column\" data-settings=\"{&quot;background_background&quot;:&quot;classic&quot;}\">\n\t\t\t<div class=\"elementor-widget-wrap elementor-element-populated\">\n\t\t\t\t\t\t\t\t<div class=\"elementor-element elementor-element-ed6918f elementor-widget elementor-widget-text-editor\" data-id=\"ed6918f\" data-element_type=\"widget\" data-widget_type=\"text-editor.default\">\n\t\t\t\t<div class=\"elementor-widget-container\">\n\t\t\t<style>\/*! elementor - v3.14.0 - 26-06-2023 *\/\n.elementor-widget-text-editor.elementor-drop-cap-view-stacked .elementor-drop-cap{background-color:#69727d;color:#fff}.elementor-widget-text-editor.elementor-drop-cap-view-framed .elementor-drop-cap{color:#69727d;border:3px solid;background-color:transparent}.elementor-widget-text-editor:not(.elementor-drop-cap-view-default) .elementor-drop-cap{margin-top:8px}.elementor-widget-text-editor:not(.elementor-drop-cap-view-default) .elementor-drop-cap-letter{width:1em;height:1em}.elementor-widget-text-editor .elementor-drop-cap{float:left;text-align:center;line-height:1;font-size:50px}.elementor-widget-text-editor .elementor-drop-cap-letter{display:inline-block}<\/style>\t\t\t\t<p><b><i>SOBRE NOSOTROS<\/i><\/b><\/p>\t\t\t\t\t\t<\/div>\n\t\t\t\t<\/div>\n\t\t\t\t<div class=\"elementor-element elementor-element-ccdb4b9 elementor-widget elementor-widget-text-editor\" data-id=\"ccdb4b9\" data-element_type=\"widget\" data-widget_type=\"text-editor.default\">\n\t\t\t\t<div class=\"elementor-widget-container\">\n\t\t\t\t\t\t\t<p><span style=\"font-style: inherit; font-weight: inherit; background-color: rgba(62, 45, 45, 0);\">Mocon\u00e1 Virgin Lodge es un lodge de selva inmerso en la Reserva de Biosfera Yabot\u00ed, en la provincia de Misiones, a pasos de los impactantes Saltos del Mocon\u00e1. Esta maravilla natural est\u00e1 conformada por unas cataratas de hasta 10 metros de altura que interrumpen durante unos 3 km el R\u00edo Uruguay.<\/span><\/p><p>Nuestras 14 habitaciones con deck privado est\u00e1n en medio de la selva misionera, con vista al Arroyo Yabot\u00ed, uno de los m\u00e1s puros de la Argentina, y conectadas por 400 metros de pasarelas de madera que conforman un paseo \u00fanico entre \u00e1rboles y plantas nativas, ideal para recorrerlo contemplando la flora y la fauna aut\u00f3ctonas de la selva paranaense.<\/p><p>Ofrecemos un variado programa de experiencias para realizar en pleno contacto con la naturaleza.<span style=\"font-style: inherit; font-weight: inherit; letter-spacing: -0.1px; background-color: rgba(62, 45, 45, 0);\">\u00a0<\/span><\/p><p>Rappel, kayak, tirolesa, piscina con vista excepcional de la selva, senderismo, avistaje de aves, arquer\u00eda y fogones con relatos de mitos y leyendas guaran\u00edes, son algunas de las actividades, tanto de aventura como de contemplaci\u00f3n, que pueden disfrutarse en un entorno inigualable.<\/p><p>Mocon\u00e1 Virgin Lodge genera su propia energ\u00eda con un generador el\u00e9ctrico que se encuentra en funcionamiento de 07 a 00 horas, fuera de ese horario se cuenta con iluminaci\u00f3n de asistencia.<\/p><p>Todas las tarifas incluyen desayuno, almuerzo y cena (sin bebidas) y una gran variedad de experiencias, sujetas a disponibilidad y condiciones clim\u00e1ticas. Podr\u00e1n coordinar la agenda de las actividades una vez alojados en el lodge.<\/p><p>Nuestro compromiso con el medio ambiente est\u00e1 avalado por el certificado internacional de gesti\u00f3n ambiental Prefered by Nature de NetCom e invitamos a nuestros hu\u00e9spedes a conocer m\u00e1s al respecto y a sumarse en el cuidado de la selva paranaense y en su ecosistema.<\/p><p><b>\u00a1Viv\u00ed una aut\u00e9ntica experiencia de selva!<\/b><\/p>\t\t\t\t\t\t<\/div>\n\t\t\t\t<\/div>\n\t\t\t\t\t<\/div>\n\t\t<\/div>\n\t\t\t\t\t\t\t<\/div>\n\t\t<\/section>\n\t\t\t\t<div class=\"elementor-element elementor-element-5627875 elementor-widget__width-auto elementor-fixed elementor-view-default elementor-widget elementor-widget-icon\" data-id=\"5627875\" data-element_type=\"widget\" data-settings=\"{&quot;_position&quot;:&quot;fixed&quot;}\" data-widget_type=\"icon.default\">\n\t\t\t\t<div class=\"elementor-widget-container\">\n\t\t\t\t\t<div class=\"elementor-icon-wrapper\">\n\t\t\t<a class=\"elementor-icon\" href=\"https:\/\/wa.me\/message\/OG4YLEWVS65EF1\">\n\t\t\t<i aria-hidden=\"true\" class=\"fab fa-whatsapp-square\"><\/i>\t\t\t<\/a>\n\t\t<\/div>\n\t\t\t\t<\/div>\n\t\t\t\t<\/div>\n\t\t\t\t<div class=\"elementor-element elementor-element-84c00a3 elementor-align-right elementor-widget__width-auto elementor-fixed elementor-widget elementor-widget-button\" data-id=\"84c00a3\" data-element_type=\"widget\" data-settings=\"{&quot;_position&quot;:&quot;fixed&quot;}\" data-widget_type=\"button.default\">\n\t\t\t\t<div class=\"elementor-widget-container\">\n\t\t\t\t\t<div class=\"elementor-button-wrapper\">\n\t\t\t<a class=\"elementor-button elementor-button-link elementor-size-sm\" href=\"https:\/\/booking.roomcloud.net\/be\/se2\/hotel.jsp?hotel=14703&#038;curr=ARS&#038;lang=es\">\n\t\t\t\t\t\t<span class=\"elementor-button-content-wrapper\">\n\t\t\t\t\t\t<span class=\"elementor-button-icon elementor-align-icon-left\">\n\t\t\t\t<i aria-hidden=\"true\" class=\"far fa-calendar\"><\/i>\t\t\t<\/span>\n\t\t\t\t\t\t<span class=\"elementor-button-text\">Reservar<\/span>\n\t\t<\/span>\n\t\t\t\t\t<\/a>\n\t\t<\/div>\n\t\t\t\t<\/div>\n\t\t\t\t<\/div>\n\t\t\t\t\t<\/div>\n\t\t<\/div>\n\t\t\t\t\t\t\t<\/div>\n\t\t<\/section>\n\t\t\t\t\t\t\t<\/div>\n\t\t","protected":false},"excerpt":{"rendered":"<p>SOBRE NOSOTROS Mocon\u00e1 Virgin Lodge es un lodge de selva inmerso en la Reserva de Biosfera Yabot\u00ed, en la provincia de Misiones, a pasos de los impactantes Saltos del Mocon\u00e1. Esta maravilla natural est\u00e1 conformada por unas cataratas de hasta 10 metros de altura que interrumpen durante unos 3 km el R\u00edo Uruguay. Nuestras 14 &hellip;<\/p>\n<p class=\"read-more\"> <a class=\"\" href=\"https:\/\/www.moconavirginlodge.com\/es-AR\/sobre-nosotros\/\"> <span class=\"screen-reader-text\">Sobre Nosotros<\/span> Leer m\u00e1s &raquo;<\/a><\/p>\n","protected":false},"author":1,"featured_media":0,"parent":0,"menu_order":0,"comment_status":"closed","ping_status":"closed","template":"","meta":{"site-sidebar-layout":"no-sidebar","site-content-layout":"page-builder","ast-global-header-display":"","ast-main-header-display":"","ast-hfb-above-header-display":"","ast-hfb-below-header-display":"","ast-hfb-mobile-header-display":"","site-post-title":"disabled","ast-breadcrumbs-content":"","ast-featured-img":"disabled","footer-sml-layout":"","theme-transparent-header-meta":"","adv-header-id-meta":"","stick-header-meta":"","header-above-stick-meta":"","header-main-stick-meta":"","header-below-stick-meta":""},"_links":{"self":[{"href":"https:\/\/www.moconavirginlodge.com\/es-AR\/wp-json\/wp\/v2\/pages\/610"}],"collection":[{"href":"https:\/\/www.moconavirginlodge.com\/es-AR\/wp-json\/wp\/v2\/pages"}],"about":[{"href":"https:\/\/www.moconavirginlodge.com\/es-AR\/wp-json\/wp\/v2\/types\/page"}],"author":[{"embeddable":true,"href":"https:\/\/www.moconavirginlodge.com\/es-AR\/wp-json\/wp\/v2\/users\/1"}],"replies":[{"embeddable":true,"href":"https:\/\/www.moconavirginlodge.com\/es-AR\/wp-json\/wp\/v2\/comments?post=610"}],"version-history":[{"count":16,"href":"https:\/\/www.moconavirginlodge.com\/es-AR\/wp-json\/wp\/v2\/pages\/610\/revisions"}],"predecessor-version":[{"id":1063,"href":"https:\/\/www.moconavirginlodge.com\/es-AR\/wp-json\/wp\/v2\/pages\/610\/revisions\/1063"}],"wp:attachment":[{"href":"https:\/\/www.moconavirginlodge.com\/es-AR\/wp-json\/wp\/v2\/media?parent=610"}],"curies":[{"name":"wp","href":"https:\/\/api.w.org\/{rel}","templated":true}]}}