{"id":598,"date":"2022-09-23T11:36:04","date_gmt":"2022-09-23T11:36:04","guid":{"rendered":"https:\/\/www.moconavirginlodge.com\/es-AR\/?page_id=598"},"modified":"2023-05-30T18:50:24","modified_gmt":"2023-05-30T18:50:24","slug":"condiciones-del-hotel","status":"publish","type":"page","link":"https:\/\/www.moconavirginlodge.com\/es-AR\/condiciones-del-hotel\/","title":{"rendered":"Condiciones del hotel"},"content":{"rendered":"\t\t<div data-elementor-type=\"wp-page\" data-elementor-id=\"598\" class=\"elementor elementor-598\">\n\t\t\t\t\t\t\t\t\t<section class=\"elementor-section elementor-top-section elementor-element elementor-element-f77c47a elementor-section-boxed elementor-section-height-default elementor-section-height-default\" data-id=\"f77c47a\" data-element_type=\"section\">\n\t\t\t\t\t\t<div class=\"elementor-container elementor-column-gap-default\">\n\t\t\t\t\t<div class=\"elementor-column elementor-col-100 elementor-top-column elementor-element elementor-element-f257ba7\" data-id=\"f257ba7\" data-element_type=\"column\" data-settings=\"{&quot;background_background&quot;:&quot;classic&quot;}\">\n\t\t\t<div class=\"elementor-widget-wrap elementor-element-populated\">\n\t\t\t\t\t\t\t\t<div class=\"elementor-element elementor-element-c9eb6ec elementor-widget elementor-widget-text-editor\" data-id=\"c9eb6ec\" data-element_type=\"widget\" data-widget_type=\"text-editor.default\">\n\t\t\t\t<div class=\"elementor-widget-container\">\n\t\t\t<style>\/*! elementor - v3.14.0 - 26-06-2023 *\/\n.elementor-widget-text-editor.elementor-drop-cap-view-stacked .elementor-drop-cap{background-color:#69727d;color:#fff}.elementor-widget-text-editor.elementor-drop-cap-view-framed .elementor-drop-cap{color:#69727d;border:3px solid;background-color:transparent}.elementor-widget-text-editor:not(.elementor-drop-cap-view-default) .elementor-drop-cap{margin-top:8px}.elementor-widget-text-editor:not(.elementor-drop-cap-view-default) .elementor-drop-cap-letter{width:1em;height:1em}.elementor-widget-text-editor .elementor-drop-cap{float:left;text-align:center;line-height:1;font-size:50px}.elementor-widget-text-editor .elementor-drop-cap-letter{display:inline-block}<\/style>\t\t\t\t<p>Condiciones del Hotel<\/p>\t\t\t\t\t\t<\/div>\n\t\t\t\t<\/div>\n\t\t\t\t<section class=\"elementor-section elementor-inner-section elementor-element elementor-element-324fc38 elementor-section-boxed elementor-section-height-default elementor-section-height-default\" data-id=\"324fc38\" data-element_type=\"section\">\n\t\t\t\t\t\t<div class=\"elementor-container elementor-column-gap-default\">\n\t\t\t\t\t<div class=\"elementor-column elementor-col-50 elementor-inner-column elementor-element elementor-element-69cca8f\" data-id=\"69cca8f\" data-element_type=\"column\">\n\t\t\t<div class=\"elementor-widget-wrap elementor-element-populated\">\n\t\t\t\t\t\t\t\t<div class=\"elementor-element elementor-element-035195b elementor-widget elementor-widget-text-editor\" data-id=\"035195b\" data-element_type=\"widget\" data-widget_type=\"text-editor.default\">\n\t\t\t\t<div class=\"elementor-widget-container\">\n\t\t\t\t\t\t\t<p><b>Entrada:\u00a0<\/b>A partir de las 15:00.<\/p>\t\t\t\t\t\t<\/div>\n\t\t\t\t<\/div>\n\t\t\t\t\t<\/div>\n\t\t<\/div>\n\t\t\t\t<div class=\"elementor-column elementor-col-50 elementor-inner-column elementor-element elementor-element-bddd072\" data-id=\"bddd072\" data-element_type=\"column\">\n\t\t\t<div class=\"elementor-widget-wrap elementor-element-populated\">\n\t\t\t\t\t\t\t\t<div class=\"elementor-element elementor-element-a4d0194 elementor-widget elementor-widget-text-editor\" data-id=\"a4d0194\" data-element_type=\"widget\" data-widget_type=\"text-editor.default\">\n\t\t\t\t<div class=\"elementor-widget-container\">\n\t\t\t\t\t\t\t<p><b>Salida: <\/b>Hasta las 11:00.<\/p>\t\t\t\t\t\t<\/div>\n\t\t\t\t<\/div>\n\t\t\t\t\t<\/div>\n\t\t<\/div>\n\t\t\t\t\t\t\t<\/div>\n\t\t<\/section>\n\t\t\t\t<div class=\"elementor-element elementor-element-f227b70 elementor-widget__width-initial elementor-widget elementor-widget-text-editor\" data-id=\"f227b70\" data-element_type=\"widget\" data-widget_type=\"text-editor.default\">\n\t\t\t\t<div class=\"elementor-widget-container\">\n\t\t\t\t\t\t\t<ul><li><b style=\"font-style: inherit;\">Generales<\/b><\/li><\/ul><p><span style=\"font-weight: 400;\">El Lodge incluye una gran variedad de actividades,\u00a0 desayuno buffet, gastronom\u00eda y WiFi.<\/span><\/p><p><span style=\"font-weight: 400;\">El \u00a0Lodge no cuenta con habitaciones \u201chandicap\u201d, sin embargo ofrece la posibilidad de transportar a pasajeros con movilidad reducida hasta el deck principal que comunica con las habitaciones. El deck principal se encuentra preparado para la circulaci\u00f3n con sillas de ruedas.<br \/><\/span><\/p><ul><li><b>Recepci\u00f3n<\/b><\/li><\/ul><p><span style=\"font-weight: 400;\">El horario en nuestra recepci\u00f3n es de 07:00 a 00:00 horas.<\/span><\/p><ul><li style=\"font-weight: 400;\" aria-level=\"1\"><b>Internet<\/b><\/li><\/ul><p><span style=\"font-weight: 400;\">WiFi gratis.<\/span><\/p><ul><li aria-level=\"1\"><b>Parking<\/b><\/li><\/ul><p><span style=\"font-weight: 400;\">Estacionamiento gratuito.<\/span><\/p><ul><li aria-level=\"1\"><b>Mascotas<\/b><\/li><\/ul><p><span style=\"font-weight: 400;\">Al estar dentro de la Reserva Yabot\u00ed no es posible ingresar con mascotas.<\/span><\/p><ul><li><b>Actividades<\/b><\/li><\/ul><p><span style=\"font-weight: 400;\">Ofrecemos un variado programa de experiencias:\u00a0<\/span><span style=\"font-style: inherit; font-family: var( --e-global-typography-text-font-family ), Sans-serif;\">Rappel, kayak, tirolesa, caminatas con gu\u00edas especializados, avistaje de aves, trekking, arquer\u00eda, senderismo y fogones con relatos de mitos y leyendas guaran\u00edes.<\/span><\/p><ul><li><b>Cargos Adicionales<\/b><\/li><\/ul><p><span style=\"font-weight: 400;\">Tranfers al Parque Provincial Mocon\u00e1 (sujeto a disponibilidad del veh\u00edculo en el momento).<\/span><\/p><p><span style=\"font-weight: 400;\">Merienda y bebidas.<\/span><\/p><ul><li><b>Tarjetas<\/b><\/li><\/ul><p><span style=\"font-weight: 400;\">Visa,\u00a0 <\/span><span style=\"font-weight: 400;\">Master, <\/span>Amex<\/p><p><img decoding=\"async\" loading=\"lazy\" class=\"alignnone size-full wp-image-491\" src=\"https:\/\/www.moconavirginlodge.com\/es-AR\/wp-content\/uploads\/2022\/09\/visa-mastercard-amex-1.png\" alt=\"\" width=\"150\" height=\"33\" \/><\/p>\t\t\t\t\t\t<\/div>\n\t\t\t\t<\/div>\n\t\t\t\t<div class=\"elementor-element elementor-element-eaa8c24 elementor-align-right elementor-widget__width-auto elementor-fixed elementor-widget elementor-widget-button\" data-id=\"eaa8c24\" data-element_type=\"widget\" data-settings=\"{&quot;_position&quot;:&quot;fixed&quot;}\" data-widget_type=\"button.default\">\n\t\t\t\t<div class=\"elementor-widget-container\">\n\t\t\t\t\t<div class=\"elementor-button-wrapper\">\n\t\t\t<a class=\"elementor-button elementor-button-link elementor-size-sm\" href=\"https:\/\/booking.roomcloud.net\/be\/se2\/hotel.jsp?hotel=14703&#038;curr=ARS&#038;lang=es\">\n\t\t\t\t\t\t<span class=\"elementor-button-content-wrapper\">\n\t\t\t\t\t\t<span class=\"elementor-button-icon elementor-align-icon-left\">\n\t\t\t\t<i aria-hidden=\"true\" class=\"far fa-calendar\"><\/i>\t\t\t<\/span>\n\t\t\t\t\t\t<span class=\"elementor-button-text\">Reservar<\/span>\n\t\t<\/span>\n\t\t\t\t\t<\/a>\n\t\t<\/div>\n\t\t\t\t<\/div>\n\t\t\t\t<\/div>\n\t\t\t\t<div class=\"elementor-element elementor-element-d7288d7 elementor-widget__width-auto elementor-fixed elementor-view-default elementor-widget elementor-widget-icon\" data-id=\"d7288d7\" data-element_type=\"widget\" data-settings=\"{&quot;_position&quot;:&quot;fixed&quot;}\" data-widget_type=\"icon.default\">\n\t\t\t\t<div class=\"elementor-widget-container\">\n\t\t\t\t\t<div class=\"elementor-icon-wrapper\">\n\t\t\t<a class=\"elementor-icon\" href=\"https:\/\/wa.me\/message\/OG4YLEWVS65EF1\">\n\t\t\t<i aria-hidden=\"true\" class=\"fab fa-whatsapp-square\"><\/i>\t\t\t<\/a>\n\t\t<\/div>\n\t\t\t\t<\/div>\n\t\t\t\t<\/div>\n\t\t\t\t\t<\/div>\n\t\t<\/div>\n\t\t\t\t\t\t\t<\/div>\n\t\t<\/section>\n\t\t\t\t\t\t\t<\/div>\n\t\t","protected":false},"excerpt":{"rendered":"<p>Condiciones del Hotel Entrada:\u00a0A partir de las 15:00. Salida: Hasta las 11:00. Generales El Lodge incluye una gran variedad de actividades,\u00a0 desayuno buffet, gastronom\u00eda y WiFi. El \u00a0Lodge no cuenta con habitaciones \u201chandicap\u201d, sin embargo ofrece la posibilidad de transportar a pasajeros con movilidad reducida hasta el deck principal que comunica con las habitaciones. El &hellip;<\/p>\n<p class=\"read-more\"> <a class=\"\" href=\"https:\/\/www.moconavirginlodge.com\/es-AR\/condiciones-del-hotel\/\"> <span class=\"screen-reader-text\">Condiciones del hotel<\/span> Leer m\u00e1s &raquo;<\/a><\/p>\n","protected":false},"author":1,"featured_media":0,"parent":0,"menu_order":0,"comment_status":"closed","ping_status":"closed","template":"","meta":{"site-sidebar-layout":"no-sidebar","site-content-layout":"page-builder","ast-global-header-display":"","ast-main-header-display":"","ast-hfb-above-header-display":"","ast-hfb-below-header-display":"","ast-hfb-mobile-header-display":"","site-post-title":"disabled","ast-breadcrumbs-content":"","ast-featured-img":"disabled","footer-sml-layout":"","theme-transparent-header-meta":"","adv-header-id-meta":"","stick-header-meta":"","header-above-stick-meta":"","header-main-stick-meta":"","header-below-stick-meta":""},"_links":{"self":[{"href":"https:\/\/www.moconavirginlodge.com\/es-AR\/wp-json\/wp\/v2\/pages\/598"}],"collection":[{"href":"https:\/\/www.moconavirginlodge.com\/es-AR\/wp-json\/wp\/v2\/pages"}],"about":[{"href":"https:\/\/www.moconavirginlodge.com\/es-AR\/wp-json\/wp\/v2\/types\/page"}],"author":[{"embeddable":true,"href":"https:\/\/www.moconavirginlodge.com\/es-AR\/wp-json\/wp\/v2\/users\/1"}],"replies":[{"embeddable":true,"href":"https:\/\/www.moconavirginlodge.com\/es-AR\/wp-json\/wp\/v2\/comments?post=598"}],"version-history":[{"count":25,"href":"https:\/\/www.moconavirginlodge.com\/es-AR\/wp-json\/wp\/v2\/pages\/598\/revisions"}],"predecessor-version":[{"id":1382,"href":"https:\/\/www.moconavirginlodge.com\/es-AR\/wp-json\/wp\/v2\/pages\/598\/revisions\/1382"}],"wp:attachment":[{"href":"https:\/\/www.moconavirginlodge.com\/es-AR\/wp-json\/wp\/v2\/media?parent=598"}],"curies":[{"name":"wp","href":"https:\/\/api.w.org\/{rel}","templated":true}]}}