{"id":590,"date":"2022-09-23T11:26:11","date_gmt":"2022-09-23T11:26:11","guid":{"rendered":"https:\/\/www.moconavirginlodge.com\/es-AR\/?page_id=590"},"modified":"2022-11-03T17:18:52","modified_gmt":"2022-11-03T17:18:52","slug":"avisos-legales","status":"publish","type":"page","link":"https:\/\/www.moconavirginlodge.com\/es-AR\/avisos-legales\/","title":{"rendered":"Avisos Legales"},"content":{"rendered":"\t\t<div data-elementor-type=\"wp-page\" data-elementor-id=\"590\" class=\"elementor elementor-590\">\n\t\t\t\t\t\t\t\t\t<section class=\"elementor-section elementor-top-section elementor-element elementor-element-1bf346d elementor-section-boxed elementor-section-height-default elementor-section-height-default\" data-id=\"1bf346d\" data-element_type=\"section\" data-settings=\"{&quot;background_background&quot;:&quot;classic&quot;}\">\n\t\t\t\t\t\t<div class=\"elementor-container elementor-column-gap-default\">\n\t\t\t\t\t<div class=\"elementor-column elementor-col-100 elementor-top-column elementor-element elementor-element-7d9f7bf\" data-id=\"7d9f7bf\" data-element_type=\"column\" data-settings=\"{&quot;background_background&quot;:&quot;classic&quot;}\">\n\t\t\t<div class=\"elementor-widget-wrap elementor-element-populated\">\n\t\t\t\t\t\t\t\t<div class=\"elementor-element elementor-element-63dae7d elementor-widget elementor-widget-text-editor\" data-id=\"63dae7d\" data-element_type=\"widget\" data-widget_type=\"text-editor.default\">\n\t\t\t\t<div class=\"elementor-widget-container\">\n\t\t\t<style>\/*! elementor - v3.14.0 - 26-06-2023 *\/\n.elementor-widget-text-editor.elementor-drop-cap-view-stacked .elementor-drop-cap{background-color:#69727d;color:#fff}.elementor-widget-text-editor.elementor-drop-cap-view-framed .elementor-drop-cap{color:#69727d;border:3px solid;background-color:transparent}.elementor-widget-text-editor:not(.elementor-drop-cap-view-default) .elementor-drop-cap{margin-top:8px}.elementor-widget-text-editor:not(.elementor-drop-cap-view-default) .elementor-drop-cap-letter{width:1em;height:1em}.elementor-widget-text-editor .elementor-drop-cap{float:left;text-align:center;line-height:1;font-size:50px}.elementor-widget-text-editor .elementor-drop-cap-letter{display:inline-block}<\/style>\t\t\t\t<p>AVISO LEGAL<\/p>\t\t\t\t\t\t<\/div>\n\t\t\t\t<\/div>\n\t\t\t\t<div class=\"elementor-element elementor-element-0527047 elementor-widget elementor-widget-text-editor\" data-id=\"0527047\" data-element_type=\"widget\" data-widget_type=\"text-editor.default\">\n\t\t\t\t<div class=\"elementor-widget-container\">\n\t\t\t\t\t\t\t<p><span style=\"text-decoration: underline;\">Mocona Virgin Lodge:\u00a0<\/span><\/p>\t\t\t\t\t\t<\/div>\n\t\t\t\t<\/div>\n\t\t\t\t<div class=\"elementor-element elementor-element-4009533 elementor-widget elementor-widget-text-editor\" data-id=\"4009533\" data-element_type=\"widget\" data-widget_type=\"text-editor.default\">\n\t\t\t\t<div class=\"elementor-widget-container\">\n\t\t\t\t\t\t\t<p>Mocona Virgin Lodge manifiestan conocer y aceptar las pol\u00edticas de uso del mismo y se comprometen a utilizarlo dando estricto cumplimiento a la legislaci\u00f3n vigente y particularmente a no utilizar la informaci\u00f3n aqu\u00ed contenida para fines il\u00edcitos o que afecten directa o indirectamente el establecimiento, su nombre o a cualquiera de sus clientes o proveedores.<span style=\"font-style: inherit;\"><br \/><\/span><\/p><p><span style=\"font-style: inherit;\">La informaci\u00f3n contenida en el portal es de uso informativo y de car\u00e1cter institucional. Ha sido publicada con el fin de informar a nuestros usuarios sobre el establecimiento hotelero y sus servicios.<\/span><\/p><p><span style=\"font-weight: 400;\">Se proh\u00edbe expresamente la reproducci\u00f3n, copia, distribuci\u00f3n, difusi\u00f3n y\/ o modificaci\u00f3n sin previa autorizaci\u00f3n por parte de Mocon\u00e1 Virgin Lodge de los contenidos de la p\u00e1gina (textos, fotograf\u00edas, videos, im\u00e1genes, marcas, nombres comerciales, logos y \/o dise\u00f1os) y dem\u00e1s elementos integradores del sitio web.<\/span><\/p><p><span style=\"font-weight: 400;\">Todos los servicios y productos, ofrecidos en moconavirginlodge.com est\u00e1n sujetos a las normas y reglamentos aplicables a cada uno de ellos, seg\u00fan la naturaleza de los mismos, incluidas restricciones y condiciones.<\/span><\/p><p><span style=\"font-weight: 400;\">Todos los usuarios que suministren informaci\u00f3n en el sitio web, en caso que esta sea requerida, manifiestan conocer y aceptar las Pol\u00edticas de Privacidad y Tratamiento de Datos Personales de Mocon\u00e1 Virgin Lodge.<\/span><\/p><p><span style=\"font-weight: 400;\">Las condiciones de acceso y uso aqu\u00ed establecidas al igual que los conflictos que puedan surgir respecto de su interpretaci\u00f3n, uso, alcance y terminaci\u00f3n se rigen por la ley argentina y ser\u00e1n sometidas a la jurisdicci\u00f3n de Argentina.<\/span><\/p><p><span style=\"font-weight: 400;\">Si presenta alguna inquietud, comentario o sugerencia respecto de la informaci\u00f3n aqu\u00ed divulgada o de advertir la existencia de alg\u00fan error, insuficiencia, o falta de claridad, puede contactarnos al correo: <\/span><a href=\"mailto:reservas@moconavirginlodge.com\"><span style=\"font-weight: 400;\">reservas@moconavirginlodge.com<\/span><\/a><\/p>\t\t\t\t\t\t<\/div>\n\t\t\t\t<\/div>\n\t\t\t\t<div class=\"elementor-element elementor-element-c754766 elementor-align-right elementor-widget__width-auto elementor-fixed elementor-widget elementor-widget-button\" data-id=\"c754766\" data-element_type=\"widget\" data-settings=\"{&quot;_position&quot;:&quot;fixed&quot;}\" data-widget_type=\"button.default\">\n\t\t\t\t<div class=\"elementor-widget-container\">\n\t\t\t\t\t<div class=\"elementor-button-wrapper\">\n\t\t\t<a class=\"elementor-button elementor-button-link elementor-size-sm\" href=\"https:\/\/booking.roomcloud.net\/be\/se2\/hotel.jsp?hotel=14703&#038;curr=ARS&#038;lang=es\">\n\t\t\t\t\t\t<span class=\"elementor-button-content-wrapper\">\n\t\t\t\t\t\t<span class=\"elementor-button-icon elementor-align-icon-left\">\n\t\t\t\t<i aria-hidden=\"true\" class=\"far fa-calendar\"><\/i>\t\t\t<\/span>\n\t\t\t\t\t\t<span class=\"elementor-button-text\">Reservar<\/span>\n\t\t<\/span>\n\t\t\t\t\t<\/a>\n\t\t<\/div>\n\t\t\t\t<\/div>\n\t\t\t\t<\/div>\n\t\t\t\t<div class=\"elementor-element elementor-element-94703a4 elementor-widget__width-auto elementor-fixed elementor-view-default elementor-widget elementor-widget-icon\" data-id=\"94703a4\" data-element_type=\"widget\" data-settings=\"{&quot;_position&quot;:&quot;fixed&quot;}\" data-widget_type=\"icon.default\">\n\t\t\t\t<div class=\"elementor-widget-container\">\n\t\t\t\t\t<div class=\"elementor-icon-wrapper\">\n\t\t\t<a class=\"elementor-icon\" href=\"https:\/\/wa.me\/message\/OG4YLEWVS65EF1\">\n\t\t\t<i aria-hidden=\"true\" class=\"fab fa-whatsapp-square\"><\/i>\t\t\t<\/a>\n\t\t<\/div>\n\t\t\t\t<\/div>\n\t\t\t\t<\/div>\n\t\t\t\t\t<\/div>\n\t\t<\/div>\n\t\t\t\t\t\t\t<\/div>\n\t\t<\/section>\n\t\t\t\t\t\t\t<\/div>\n\t\t","protected":false},"excerpt":{"rendered":"<p>AVISO LEGAL Mocona Virgin Lodge:\u00a0 Mocona Virgin Lodge manifiestan conocer y aceptar las pol\u00edticas de uso del mismo y se comprometen a utilizarlo dando estricto cumplimiento a la legislaci\u00f3n vigente y particularmente a no utilizar la informaci\u00f3n aqu\u00ed contenida para fines il\u00edcitos o que afecten directa o indirectamente el establecimiento, su nombre o a cualquiera &hellip;<\/p>\n<p class=\"read-more\"> <a class=\"\" href=\"https:\/\/www.moconavirginlodge.com\/es-AR\/avisos-legales\/\"> <span class=\"screen-reader-text\">Avisos Legales<\/span> Leer m\u00e1s &raquo;<\/a><\/p>\n","protected":false},"author":1,"featured_media":0,"parent":0,"menu_order":0,"comment_status":"closed","ping_status":"closed","template":"","meta":{"site-sidebar-layout":"no-sidebar","site-content-layout":"page-builder","ast-global-header-display":"","ast-main-header-display":"","ast-hfb-above-header-display":"","ast-hfb-below-header-display":"","ast-hfb-mobile-header-display":"","site-post-title":"disabled","ast-breadcrumbs-content":"","ast-featured-img":"disabled","footer-sml-layout":"","theme-transparent-header-meta":"","adv-header-id-meta":"","stick-header-meta":"","header-above-stick-meta":"","header-main-stick-meta":"","header-below-stick-meta":""},"_links":{"self":[{"href":"https:\/\/www.moconavirginlodge.com\/es-AR\/wp-json\/wp\/v2\/pages\/590"}],"collection":[{"href":"https:\/\/www.moconavirginlodge.com\/es-AR\/wp-json\/wp\/v2\/pages"}],"about":[{"href":"https:\/\/www.moconavirginlodge.com\/es-AR\/wp-json\/wp\/v2\/types\/page"}],"author":[{"embeddable":true,"href":"https:\/\/www.moconavirginlodge.com\/es-AR\/wp-json\/wp\/v2\/users\/1"}],"replies":[{"embeddable":true,"href":"https:\/\/www.moconavirginlodge.com\/es-AR\/wp-json\/wp\/v2\/comments?post=590"}],"version-history":[{"count":19,"href":"https:\/\/www.moconavirginlodge.com\/es-AR\/wp-json\/wp\/v2\/pages\/590\/revisions"}],"predecessor-version":[{"id":1239,"href":"https:\/\/www.moconavirginlodge.com\/es-AR\/wp-json\/wp\/v2\/pages\/590\/revisions\/1239"}],"wp:attachment":[{"href":"https:\/\/www.moconavirginlodge.com\/es-AR\/wp-json\/wp\/v2\/media?parent=590"}],"curies":[{"name":"wp","href":"https:\/\/api.w.org\/{rel}","templated":true}]}}